{"id":242139,"date":"2022-11-10T12:26:43","date_gmt":"2022-11-10T12:26:43","guid":{"rendered":"https:\/\/bold-cartwright.3-19-126-172.plesk.page\/orientacao-de-protecao-para-eventos-de-triagem\/"},"modified":"2023-03-07T17:01:03","modified_gmt":"2023-03-07T17:01:03","slug":"orientacao-de-protecao-para-eventos-de-triagem","status":"publish","type":"page","link":"https:\/\/theletterfilm.org\/pt-br\/orientacao-de-protecao-para-eventos-de-triagem\/","title":{"rendered":"Orienta\u00e7\u00e3o de prote\u00e7\u00e3o para eventos de triagem"},"content":{"rendered":"&#13;\n<h4 class=\"wp-block-heading\">Introdu\u00e7\u00e3o<\/h4>&#13;\n&#13;\n<p>Este recurso de prote\u00e7\u00e3o \u00e9 para os anfitri\u00f5es das exibi\u00e7\u00f5es, educadores e qualquer pessoa que realize atividades e eventos relacionados ao filme <em>A Carta<\/em> em que possam estar envolvidos jovens e outros membros vulner\u00e1veis \u200b\u200bda popula\u00e7\u00e3o.<\/p>&#13;\n&#13;\n<p>Esta orienta\u00e7\u00e3o de prote\u00e7\u00e3o baseia-se em alguns princ\u00edpios fundamentais: <\/p>&#13;\n\r\n<ul class=\"wp-block-list\">&#13;\n<li>Crian\u00e7as e jovens nunca devem sofrer abuso de nenhum tipo. <\/li>&#13;\n\r\n\r\n&#13;\n<li>Todos t\u00eam a responsabilidade moral e \u00e9tica de promover o bem-estar de todas as crian\u00e7as e jovens. <\/li>&#13;\n\r\n\r\n&#13;\n<li>Todas as crian\u00e7as, independentemente de ra\u00e7a, cor, sexo, idioma, religi\u00e3o, opini\u00e3o pol\u00edtica ou outra, nacionalidade, origem \u00e9tnica ou social, propriedade, defici\u00eancia, status de nascimento ou outra condi\u00e7\u00e3o, seja da pr\u00f3pria crian\u00e7a ou de seus pais ou tutor legal, t\u00eam direito a igual prote\u00e7\u00e3o contra todos os tipos de dano ou abuso.<\/li>&#13;\n\r\n\r\n&#13;\n<li>Algumas crian\u00e7as s\u00e3o ainda mais vulner\u00e1veis \u200b\u200bdevido ao impacto de experi\u00eancias anteriores, n\u00edvel de depend\u00eancia, necessidades de comunica\u00e7\u00e3o ou outros problemas.<\/li>&#13;\n\r\n\r\n&#13;\n<li>O bem-estar de todas as crian\u00e7as \u00e9 importante.<\/li>&#13;\n<\/ul>\r\n&#13;\n<h4 class=\"wp-block-heading\">Sua responsabilidade<\/h4>&#13;\n&#13;\n<p>A orienta\u00e7\u00e3o de prote\u00e7\u00e3o garante que os jovens e outros membros vulner\u00e1veis \u200b\u200bda popula\u00e7\u00e3o sejam mantidos a salvo de abuso, explora\u00e7\u00e3o, viol\u00eancia e neglig\u00eancia. Como anfitri\u00e3o de um evento ou aula, \u00e9 sua responsabilidade garantir que a prote\u00e7\u00e3o do bem-estar de todas as pessoas vulner\u00e1veis \u200b\u200bseja priorizada durante o planejamento de suas atividades.<\/p>&#13;\n&#13;\n<p><strong>Por favor leia com aten\u00e7\u00e3o a Pol\u00edtica de Prote\u00e7\u00e3o do Movimento <a href=\"https:\/\/mail.laudatosimovement.org\/landing\/termsofservice\" target=\"_blank\" rel=\"noreferrer noopener\">Laudato Si\u2019<\/a> antes de planejar suas atividades.<\/strong> Este guia fornece algumas recomenda\u00e7\u00f5es e sugest\u00f5es de leitura para apoiar seu planejamento.<\/p>&#13;\n&#13;\n<p>O Movimento Laudato Si\u2019 oferece treinamento de prote\u00e7\u00e3o e salvaguarda. Ao inscrever seu evento, voc\u00ea ter\u00e1 acesso ao cronograma dos treinamentos. <\/p>&#13;\n&#13;\n<p>Algumas recomenda\u00e7\u00f5es iniciais s\u00e3o fornecidas abaixo, mas consulte a pol\u00edtica de prote\u00e7\u00e3o para mais informa\u00e7\u00f5es:<\/p>&#13;\n\r\n<ul class=\"wp-block-list\">&#13;\n<li>Certifique-se de que seu evento ou atividades estejam de acordo com a Pol\u00edtica de Prote\u00e7\u00e3o do Movimento Laudato Si\u2019 e que voc\u00ea est\u00e1 adotando as melhores pr\u00e1ticas recomendadas de prote\u00e7\u00e3o e salvaguarda \u00e0 crian\u00e7a. <\/li>&#13;\n\r\n\r\n&#13;\n<li>Designe uma pessoa de confian\u00e7a para cuidar de crian\u00e7as e jovens. <\/li>&#13;\n\r\n\r\n&#13;\n<li>Certifique-se de que todos os funcion\u00e1rios ou volunt\u00e1rios envolvidos com seu evento ou atividades conclu\u00edram as verifica\u00e7\u00f5es de antecedentes. <\/li>&#13;\n\r\n\r\n&#13;\n<li>Compartilhe informa\u00e7\u00f5es sobre prote\u00e7\u00e3o com jovens, suas fam\u00edlias e equipe, incluindo volunt\u00e1rios. <\/li>&#13;\n\r\n\r\n&#13;\n<li>Certifique-se de que existe um processo para abordar e relatar comportamentos suspeitos. <\/li>&#13;\n<\/ul>\r\n&#13;\n<h4 class=\"wp-block-heading\">Observa\u00e7\u00e3o sobre fotografias e redes sociais<\/h4>&#13;\n&#13;\n<p>Em nosso uso de informa\u00e7\u00f5es e imagens visuais, tanto fotografias quanto v\u00eddeos, o princ\u00edpio primordial \u00e9 manter o respeito e a dignidade ao retratar crian\u00e7as, fam\u00edlias e comunidades. Tirar fotos de crian\u00e7as ou outras pessoas vulner\u00e1veis \u200b\u200be\/ou usar suas imagens nas redes sociais deve ser evitado. <\/p>&#13;\n&#13;\n<p>Somente em casos de permiss\u00e3o expl\u00edcita dos pais ou respons\u00e1vel legal essas imagens podem ser usadas.<\/p>&#13;\n","protected":false},"excerpt":{"rendered":"<p>&#13; Introdu\u00e7\u00e3o &#13; &#13; Este recurso de prote\u00e7\u00e3o \u00e9 para os anfitri\u00f5es das exibi\u00e7\u00f5es, educadores e qualquer pessoa que realize atividades e eventos relacionados ao filme A Carta em que possam estar envolvidos jovens e outros membros vulner\u00e1veis \u200b\u200bda popula\u00e7\u00e3o. &#13; &#13; Esta orienta\u00e7\u00e3o de prote\u00e7\u00e3o baseia-se em alguns princ\u00edpios fundamentais: &#13; &#13; Sua responsabilidade [&hellip;]<\/p>\n","protected":false},"author":1,"featured_media":0,"parent":0,"menu_order":0,"comment_status":"closed","ping_status":"closed","template":"","meta":{"_et_pb_use_builder":"off","_et_pb_old_content":"","_et_gb_content_width":"","footnotes":""},"class_list":["post-242139","page","type-page","status-publish","hentry"],"yoast_head":"<!-- This site is optimized with the Yoast SEO plugin v27.3 - https:\/\/yoast.com\/product\/yoast-seo-wordpress\/ -->\n<title>Orienta\u00e7\u00e3o de prote\u00e7\u00e3o para eventos de triagem - The Letter<\/title>\n<meta name=\"robots\" content=\"index, follow, max-snippet:-1, max-image-preview:large, max-video-preview:-1\" \/>\n<link rel=\"canonical\" href=\"https:\/\/theletterfilm.org\/pt-br\/orientacao-de-protecao-para-eventos-de-triagem\/\" \/>\n<meta property=\"og:locale\" content=\"pt_BR\" \/>\n<meta property=\"og:type\" content=\"article\" \/>\n<meta property=\"og:title\" content=\"Orienta\u00e7\u00e3o de prote\u00e7\u00e3o para eventos de triagem - The Letter\" \/>\n<meta property=\"og:description\" content=\"&#013; Introdu\u00e7\u00e3o &#013; &#013; Este recurso de prote\u00e7\u00e3o \u00e9 para os anfitri\u00f5es das exibi\u00e7\u00f5es, educadores e qualquer pessoa que realize atividades e eventos relacionados ao filme A Carta em que possam estar envolvidos jovens e outros membros vulner\u00e1veis \u200b\u200bda popula\u00e7\u00e3o. &#013; &#013; Esta orienta\u00e7\u00e3o de prote\u00e7\u00e3o baseia-se em alguns princ\u00edpios fundamentais: &#013; &#013; Sua responsabilidade [&hellip;]\" \/>\n<meta property=\"og:url\" content=\"https:\/\/theletterfilm.org\/pt-br\/orientacao-de-protecao-para-eventos-de-triagem\/\" \/>\n<meta property=\"og:site_name\" content=\"The Letter\" \/>\n<meta property=\"article:publisher\" content=\"https:\/\/www.facebook.com\/profile.php?id=100085611172060\" \/>\n<meta property=\"article:modified_time\" content=\"2023-03-07T17:01:03+00:00\" \/>\n<meta property=\"og:image\" content=\"https:\/\/theletterfilm.org\/wp-content\/uploads\/2022\/11\/the-letter-socialmedia-share.jpg\" \/>\n\t<meta property=\"og:image:width\" content=\"1200\" \/>\n\t<meta property=\"og:image:height\" content=\"630\" \/>\n\t<meta property=\"og:image:type\" content=\"image\/jpeg\" \/>\n<meta name=\"twitter:card\" content=\"summary_large_image\" \/>\n<meta name=\"twitter:label1\" content=\"Est. tempo de leitura\" \/>\n\t<meta name=\"twitter:data1\" content=\"3 minutos\" \/>\n<script type=\"application\/ld+json\" class=\"yoast-schema-graph\">{\"@context\":\"https:\\\/\\\/schema.org\",\"@graph\":[{\"@type\":\"WebPage\",\"@id\":\"https:\\\/\\\/theletterfilm.org\\\/pt-br\\\/orientacao-de-protecao-para-eventos-de-triagem\\\/\",\"url\":\"https:\\\/\\\/theletterfilm.org\\\/pt-br\\\/orientacao-de-protecao-para-eventos-de-triagem\\\/\",\"name\":\"Orienta\u00e7\u00e3o de prote\u00e7\u00e3o para eventos de triagem - The Letter\",\"isPartOf\":{\"@id\":\"https:\\\/\\\/theletterfilm.org\\\/#website\"},\"datePublished\":\"2022-11-10T12:26:43+00:00\",\"dateModified\":\"2023-03-07T17:01:03+00:00\",\"breadcrumb\":{\"@id\":\"https:\\\/\\\/theletterfilm.org\\\/pt-br\\\/orientacao-de-protecao-para-eventos-de-triagem\\\/#breadcrumb\"},\"inLanguage\":\"pt-BR\",\"potentialAction\":[{\"@type\":\"ReadAction\",\"target\":[\"https:\\\/\\\/theletterfilm.org\\\/pt-br\\\/orientacao-de-protecao-para-eventos-de-triagem\\\/\"]}]},{\"@type\":\"BreadcrumbList\",\"@id\":\"https:\\\/\\\/theletterfilm.org\\\/pt-br\\\/orientacao-de-protecao-para-eventos-de-triagem\\\/#breadcrumb\",\"itemListElement\":[{\"@type\":\"ListItem\",\"position\":1,\"name\":\"Home\",\"item\":\"https:\\\/\\\/theletterfilm.org\\\/pt-br\\\/\"},{\"@type\":\"ListItem\",\"position\":2,\"name\":\"Orienta\u00e7\u00e3o de prote\u00e7\u00e3o para eventos de triagem\"}]},{\"@type\":\"WebSite\",\"@id\":\"https:\\\/\\\/theletterfilm.org\\\/#website\",\"url\":\"https:\\\/\\\/theletterfilm.org\\\/\",\"name\":\"The Letter\",\"description\":\"Act Now\",\"publisher\":{\"@id\":\"https:\\\/\\\/theletterfilm.org\\\/#organization\"},\"potentialAction\":[{\"@type\":\"SearchAction\",\"target\":{\"@type\":\"EntryPoint\",\"urlTemplate\":\"https:\\\/\\\/theletterfilm.org\\\/?s={search_term_string}\"},\"query-input\":{\"@type\":\"PropertyValueSpecification\",\"valueRequired\":true,\"valueName\":\"search_term_string\"}}],\"inLanguage\":\"pt-BR\"},{\"@type\":\"Organization\",\"@id\":\"https:\\\/\\\/theletterfilm.org\\\/#organization\",\"name\":\"The Letter Film\",\"url\":\"https:\\\/\\\/theletterfilm.org\\\/\",\"logo\":{\"@type\":\"ImageObject\",\"inLanguage\":\"pt-BR\",\"@id\":\"https:\\\/\\\/theletterfilm.org\\\/#\\\/schema\\\/logo\\\/image\\\/\",\"url\":\"https:\\\/\\\/www1.theletterfilm.org\\\/wp-content\\\/uploads\\\/2020\\\/09\\\/EN_Letter0.png\",\"contentUrl\":\"https:\\\/\\\/www1.theletterfilm.org\\\/wp-content\\\/uploads\\\/2020\\\/09\\\/EN_Letter0.png\",\"width\":854,\"height\":214,\"caption\":\"The Letter Film\"},\"image\":{\"@id\":\"https:\\\/\\\/theletterfilm.org\\\/#\\\/schema\\\/logo\\\/image\\\/\"},\"sameAs\":[\"https:\\\/\\\/www.facebook.com\\\/profile.php?id=100085611172060\"]}]}<\/script>\n<!-- \/ Yoast SEO plugin. -->","yoast_head_json":{"title":"Orienta\u00e7\u00e3o de prote\u00e7\u00e3o para eventos de triagem - The Letter","robots":{"index":"index","follow":"follow","max-snippet":"max-snippet:-1","max-image-preview":"max-image-preview:large","max-video-preview":"max-video-preview:-1"},"canonical":"https:\/\/theletterfilm.org\/pt-br\/orientacao-de-protecao-para-eventos-de-triagem\/","og_locale":"pt_BR","og_type":"article","og_title":"Orienta\u00e7\u00e3o de prote\u00e7\u00e3o para eventos de triagem - The Letter","og_description":"&#13; Introdu\u00e7\u00e3o &#13; &#13; Este recurso de prote\u00e7\u00e3o \u00e9 para os anfitri\u00f5es das exibi\u00e7\u00f5es, educadores e qualquer pessoa que realize atividades e eventos relacionados ao filme A Carta em que possam estar envolvidos jovens e outros membros vulner\u00e1veis \u200b\u200bda popula\u00e7\u00e3o. &#13; &#13; Esta orienta\u00e7\u00e3o de prote\u00e7\u00e3o baseia-se em alguns princ\u00edpios fundamentais: &#13; &#13; Sua responsabilidade [&hellip;]","og_url":"https:\/\/theletterfilm.org\/pt-br\/orientacao-de-protecao-para-eventos-de-triagem\/","og_site_name":"The Letter","article_publisher":"https:\/\/www.facebook.com\/profile.php?id=100085611172060","article_modified_time":"2023-03-07T17:01:03+00:00","og_image":[{"width":1200,"height":630,"url":"https:\/\/theletterfilm.org\/wp-content\/uploads\/2022\/11\/the-letter-socialmedia-share.jpg","type":"image\/jpeg"}],"twitter_card":"summary_large_image","twitter_misc":{"Est. tempo de leitura":"3 minutos"},"schema":{"@context":"https:\/\/schema.org","@graph":[{"@type":"WebPage","@id":"https:\/\/theletterfilm.org\/pt-br\/orientacao-de-protecao-para-eventos-de-triagem\/","url":"https:\/\/theletterfilm.org\/pt-br\/orientacao-de-protecao-para-eventos-de-triagem\/","name":"Orienta\u00e7\u00e3o de prote\u00e7\u00e3o para eventos de triagem - The Letter","isPartOf":{"@id":"https:\/\/theletterfilm.org\/#website"},"datePublished":"2022-11-10T12:26:43+00:00","dateModified":"2023-03-07T17:01:03+00:00","breadcrumb":{"@id":"https:\/\/theletterfilm.org\/pt-br\/orientacao-de-protecao-para-eventos-de-triagem\/#breadcrumb"},"inLanguage":"pt-BR","potentialAction":[{"@type":"ReadAction","target":["https:\/\/theletterfilm.org\/pt-br\/orientacao-de-protecao-para-eventos-de-triagem\/"]}]},{"@type":"BreadcrumbList","@id":"https:\/\/theletterfilm.org\/pt-br\/orientacao-de-protecao-para-eventos-de-triagem\/#breadcrumb","itemListElement":[{"@type":"ListItem","position":1,"name":"Home","item":"https:\/\/theletterfilm.org\/pt-br\/"},{"@type":"ListItem","position":2,"name":"Orienta\u00e7\u00e3o de prote\u00e7\u00e3o para eventos de triagem"}]},{"@type":"WebSite","@id":"https:\/\/theletterfilm.org\/#website","url":"https:\/\/theletterfilm.org\/","name":"The Letter","description":"Act Now","publisher":{"@id":"https:\/\/theletterfilm.org\/#organization"},"potentialAction":[{"@type":"SearchAction","target":{"@type":"EntryPoint","urlTemplate":"https:\/\/theletterfilm.org\/?s={search_term_string}"},"query-input":{"@type":"PropertyValueSpecification","valueRequired":true,"valueName":"search_term_string"}}],"inLanguage":"pt-BR"},{"@type":"Organization","@id":"https:\/\/theletterfilm.org\/#organization","name":"The Letter Film","url":"https:\/\/theletterfilm.org\/","logo":{"@type":"ImageObject","inLanguage":"pt-BR","@id":"https:\/\/theletterfilm.org\/#\/schema\/logo\/image\/","url":"https:\/\/www1.theletterfilm.org\/wp-content\/uploads\/2020\/09\/EN_Letter0.png","contentUrl":"https:\/\/www1.theletterfilm.org\/wp-content\/uploads\/2020\/09\/EN_Letter0.png","width":854,"height":214,"caption":"The Letter Film"},"image":{"@id":"https:\/\/theletterfilm.org\/#\/schema\/logo\/image\/"},"sameAs":["https:\/\/www.facebook.com\/profile.php?id=100085611172060"]}]}},"_links":{"self":[{"href":"https:\/\/www1.theletterfilm.org\/pt-br\/wp-json\/wp\/v2\/pages\/242139","targetHints":{"allow":["GET"]}}],"collection":[{"href":"https:\/\/www1.theletterfilm.org\/pt-br\/wp-json\/wp\/v2\/pages"}],"about":[{"href":"https:\/\/www1.theletterfilm.org\/pt-br\/wp-json\/wp\/v2\/types\/page"}],"author":[{"embeddable":true,"href":"https:\/\/www1.theletterfilm.org\/pt-br\/wp-json\/wp\/v2\/users\/1"}],"replies":[{"embeddable":true,"href":"https:\/\/www1.theletterfilm.org\/pt-br\/wp-json\/wp\/v2\/comments?post=242139"}],"version-history":[{"count":0,"href":"https:\/\/www1.theletterfilm.org\/pt-br\/wp-json\/wp\/v2\/pages\/242139\/revisions"}],"wp:attachment":[{"href":"https:\/\/www1.theletterfilm.org\/pt-br\/wp-json\/wp\/v2\/media?parent=242139"}],"curies":[{"name":"wp","href":"https:\/\/api.w.org\/{rel}","templated":true}]}}